{"id":590,"date":"2022-04-25T19:12:24","date_gmt":"2022-04-25T17:12:24","guid":{"rendered":"https:\/\/ccsp-hilft.de\/mitmachen\/"},"modified":"2026-04-08T00:13:45","modified_gmt":"2026-04-07T22:13:45","slug":"participate","status":"publish","type":"page","link":"https:\/\/ccsp-hilft.de\/en\/participate\/","title":{"rendered":"Participate"},"content":{"rendered":"<div class=\"brz-root__container brz-reset-all brz brz-root__container-page\">\n<section id=\"_wojqcactvueflotdqeyxlynavxskyovtcdur\" class=\"brz-section brz-css-9ql9bj brz-css-1n20fvv\">\n<div class=\"brz-section__content brz-section--boxed brz-css-1j5rqmc brz-css-gh4zxw\" data-brz-custom-id=\"kflfucfvjxausgchrxadmadrdimrlyvvysvg\">\n<div class=\"brz-bg\">\n<div class=\"brz-bg-image\"><\/div>\n<div class=\"brz-bg-color\"><\/div>\n<\/div>\n<div class=\"brz-container brz-css-6mx6ge\">\n<div id=\"\" class=\"brz-css-rjzoqk brz-css-19efcss brz-wrapper\">\n<div class=\"brz-rich-text brz-rich-text__custom brz-css-w8cl0j\" data-brz-custom-id=\"umvsposolpqpriuowkllsddndedxlpprgeqv\">\n<div data-brz-translate-text=\"1\">\n<p class=\"brz-tp-lg-heading2 brz-text-lg-center brz-css-zGjUs\" data-uniq-id=\"ntyhe\" data-generated-css=\"brz-css-zxsyi\"><span class=\"brz-cp-color8\">Participate<\/span><\/p>\n<\/div>\n<\/div>\n<\/div>\n<div id=\"\" class=\"brz-css-rjzoqk brz-css-1cqyx3e brz-wrapper\">\n<div class=\"brz-rich-text brz-rich-text__custom brz-css-w8cl0j\" data-brz-custom-id=\"uyoqeqjjznrsqmpmltgivcwcpbitnlkxrogn\">\n<div data-brz-translate-text=\"1\">\n<p class=\"brz-text-lg-center brz-tp-lg-abovetitle brz-css-smiid\" data-uniq-id=\"lxsbw\" data-generated-css=\"brz-css-chhvj\"><span class=\"brz-cp-color8\">JOIN US<\/span><\/p>\n<\/div>\n<\/div>\n<\/div>\n<\/div>\n<\/div>\n<\/section>\n<section id=\"_wtptlaqssrxouboitpzmgatnydmrhkepawhs\" class=\"brz-section brz-css-9ql9bj\">\n<div class=\"brz-section__content brz-section--boxed brz-css-1j5rqmc brz-css-pw6cjd\" data-brz-custom-id=\"tcdjoqtwjsnlwisuvwnbcfeftjlftencjxby\">\n<div class=\"brz-container brz-css-6mx6ge\">\n<div class=\"brz-row__container brz-css-1ii91mj brz-css-58am1i\" data-brz-custom-id=\"kpvloniapnjhmriderdutbzzwrityymrdbiz\">\n<div class=\"brz-bg\"><\/div>\n<div class=\"brz-row brz-css-xv10u5 brz-css-qwdeo5\">\n<div class=\"brz-columns brz-css-2x0vmy brz-css-4cba99\" data-brz-custom-id=\"wpvesiuhsxccfkpyumxafmcuzlnhdnwcdpqx\">\n<div class=\"brz-bg\">\n<div class=\"brz-bg-image\"><\/div>\n<\/div>\n<div class=\"brz-column__items brz-css-1ynkzga\">\n<div id=\"\" class=\"brz-css-rjzoqk brz-css-9odetc brz-wrapper\">\n<div class=\"brz-spacer brz-css-jsjdxz brz-css-1ax7m12\"><\/div>\n<\/div>\n<\/div>\n<\/div>\n<div class=\"brz-columns brz-css-2x0vmy brz-css-vgzvqw\" data-brz-custom-id=\"mbmjdfhuvlcfnznzfzfznrnrzuoeosrzvkma\">\n<div class=\"brz-bg\"><\/div>\n<div class=\"brz-column__items brz-css-1ynkzga brz-css-ner2aw\">\n<div class=\"brz-wrapper-clone brz-css-j7z7jn\">\n<div class=\"brz-d-xs-flex brz-flex-xs-wrap brz-css-pad3eb brz-css-r5aidi\" data-brz-custom-id=\"\">\n<div class=\"brz-wrapper-clone__item\" id=\"rtwsfktmexvumeyruxwwnhkxkcixxhakjrqe\">\n<div class=\"brz-icon__container\" data-brz-custom-id=\"rtwsfktmexvumeyruxwwnhkxkcixxhakjrqe\"><span class=\"brz-icon brz-span brz-css-ytuo3z brz-css-92r2dv\"><\/span><\/div>\n<\/div>\n<\/div>\n<\/div>\n<div id=\"\" class=\"brz-css-rjzoqk brz-css-1efahwr brz-wrapper\">\n<div class=\"brz-rich-text brz-rich-text__custom brz-css-w8cl0j\" data-brz-custom-id=\"jjkwnkyjgnxlhvrkffsurszldggtgjistrok\">\n<div data-brz-translate-text=\"1\">\n<p class=\"brz-text-lg-left brz-bcp-color7 brz-tp-lg-abovetitle brz-css-saNzw\" data-generated-css=\"brz-css-ibrmx\" data-uniq-id=\"dywxe\"><span class=\"brz-cp-color7\">STATUTES AND MEMBERSHIP<\/span><\/p>\n<\/div>\n<\/div>\n<\/div>\n<div id=\"\" class=\"brz-css-rjzoqk brz-css-rw2ox8 brz-wrapper\">\n<div class=\"brz-rich-text brz-rich-text__custom brz-css-w8cl0j\" data-brz-custom-id=\"dhsiulfjrfhicunnssrokuxzisotwrflzdoe\">\n<div data-brz-translate-text=\"1\">\n<p class=\"brz-tp-lg-heading2 brz-css-lO6CW\" data-uniq-id=\"gmfew\" data-generated-css=\"brz-css-nrezb\"><span class=\"brz-cp-color3\">Become a member<\/span><\/p>\n<\/div>\n<\/div>\n<\/div>\n<div id=\"\" class=\"brz-css-rjzoqk brz-wrapper\">\n<div class=\"brz-rich-text brz-rich-text__custom brz-css-w8cl0j\" data-brz-custom-id=\"okihvceolnwxayrfnzaxjugekbbqerdadzhg\">\n<div data-brz-translate-text=\"1\">\n<p class=\"brz-tp-lg-paragraph brz-css-kmVtJ\" data-uniq-id=\"zvzug\" data-generated-css=\"brz-css-qmluq\"><span>You will not incur any direct costs by becoming a member. We do not charge membership fees. As a passive member, we will inform you about current projects. If you wish, you can participate at any time. <\/span><\/p>\n<p class=\"brz-tp-lg-paragraph brz-css-qAba7\" data-uniq-id=\"holdm\" data-generated-css=\"brz-css-emvxf\"><\/p>\n<p class=\"brz-tp-lg-paragraph brz-css-exfrH\" data-uniq-id=\"qioci\" data-generated-css=\"brz-css-kxaia\"><span>Send us a message and we will send you information about membership.<\/span><\/p>\n<\/div>\n<\/div>\n<\/div>\n<div class=\"brz-wrapper-clone brz-css-j7z7jn\">\n<div class=\"brz-d-xs-flex brz-flex-xs-wrap brz-css-pad3eb\" data-brz-custom-id=\"\">\n<div class=\"brz-wrapper-clone__item\" id=\"hnejzkxltlsvgtcpvgcegjzggurkuhnthmgm\"><a class=\"brz-a brz-btn brz-css-snqjpe brz-css-1ttcjm0 brz-css-11js3p0\" href=\"\/en\/contact\/\" target=\"_self\" rel=\"noopener\" data-brz-link-type=\"external\" data-brz-custom-id=\"hnejzkxltlsvgtcpvgcegjzggurkuhnthmgm\"><span data-brz-translate-text=\"1\" class=\"brz-span brz-text__editor\">Send message<\/span><\/a><\/div>\n<\/div>\n<\/div>\n<div id=\"\" class=\"brz-css-rjzoqk brz-css-9odetc brz-wrapper\">\n<div class=\"brz-spacer brz-css-jsjdxz\"><\/div>\n<\/div>\n<div id=\"\" class=\"brz-css-rjzoqk brz-wrapper\">\n<div class=\"brz-rich-text brz-rich-text__custom brz-css-w8cl0j\" data-brz-custom-id=\"bwmkejhknrphjhfgilorfdxuhgvzwlgzasvx\">\n<div data-brz-translate-text=\"1\">\n<p class=\"brz-tp-lg-paragraph brz-css-ulHfC\" data-generated-css=\"brz-css-lbzjg\" data-uniq-id=\"pzlzl\"><span>Here you can download the statutes of the association.<\/span><\/p>\n<\/div>\n<\/div>\n<\/div>\n<div class=\"brz-wrapper-clone brz-css-j7z7jn\">\n<div class=\"brz-d-xs-flex brz-flex-xs-wrap brz-css-pad3eb\" data-brz-custom-id=\"\">\n<div class=\"brz-wrapper-clone__item\" id=\"sjdzkkapzvpjzhwvablggnvqphvkarxzsrzx\"><a class=\"brz-a brz-btn brz-css-snqjpe brz-css-1ttcjm0 brz-css-z7u6j8\" href=\"https:\/\/ccsp-hilft.de\/wp-content\/uploads\/2022\/04\/Satzung-CCSP-hilft-e.V.pdf\" target=\"_blank\" rel=\"noopener\" data-brz-link-type=\"upload\" data-brz-custom-id=\"sjdzkkapzvpjzhwvablggnvqphvkarxzsrzx\"><span data-brz-translate-text=\"1\" class=\"brz-span brz-text__editor\">Download statutes (German)<\/span><\/a><\/div>\n<\/div>\n<\/div>\n<\/div>\n<\/div>\n<\/div>\n<\/div>\n<\/div>\n<\/div>\n<\/section>\n<section id=\"_guafewqntyyzbsvgwvzfjljpnkzaahloymdl\" class=\"brz-section brz-css-9ql9bj\">\n<div class=\"brz-section__content brz-section--boxed brz-css-1j5rqmc brz-css-1xmy7qn\" data-brz-custom-id=\"uxxswfgetcykvtvbosotzzusrvolziwxfuyz\">\n<div class=\"brz-bg\">\n<div class=\"brz-bg-color\"><\/div>\n<\/div>\n<div class=\"brz-container brz-css-6mx6ge\">\n<div class=\"brz-row__container brz-css-1ii91mj\" data-brz-custom-id=\"pieqakoupzkcsqxizjczyawotpqqnhuomcai\">\n<div class=\"brz-bg\"><\/div>\n<div class=\"brz-row brz-css-xv10u5 brz-css-qwdeo5\">\n<div class=\"brz-columns brz-css-2x0vmy brz-css-ryxcyn\" data-brz-custom-id=\"gemosddlwzupjjgmdhgmjtcptoaiasuvqcci\">\n<div class=\"brz-bg\"><\/div>\n<div class=\"brz-column__items brz-css-1ynkzga brz-css-1u0t6c5\">\n<div class=\"brz-wrapper-clone brz-css-j7z7jn brz-css-10t3r4q\">\n<div class=\"brz-d-xs-flex brz-flex-xs-wrap brz-css-pad3eb brz-css-rv6mu2\" data-brz-custom-id=\"\">\n<div class=\"brz-wrapper-clone__item\" id=\"mpdvjgdnjnyjqaaqtwnqmvnfvfnkqacsbzfu\">\n<div class=\"brz-icon__container\" data-brz-custom-id=\"mpdvjgdnjnyjqaaqtwnqmvnfvfnkqacsbzfu\"><span class=\"brz-icon brz-span brz-css-ytuo3z brz-css-1grhtih\"><\/span><\/div>\n<\/div>\n<\/div>\n<\/div>\n<div id=\"\" class=\"brz-css-rjzoqk brz-css-1agkecr brz-wrapper\">\n<div class=\"brz-rich-text brz-rich-text__custom brz-css-w8cl0j\" data-brz-custom-id=\"azryhhuzunrgfmzyzqagssdcxiqhwuzwaylq\">\n<div data-brz-translate-text=\"1\">\n<p class=\"brz-tp-lg-abovetitle brz-text-lg-left brz-css-lmtWd\" data-generated-css=\"brz-css-ogsac\" data-uniq-id=\"qkkae\"><span class=\"brz-cp-color7\">DONATIONS<\/span><\/p>\n<\/div>\n<\/div>\n<\/div>\n<div id=\"\" class=\"brz-css-rjzoqk brz-wrapper\">\n<div class=\"brz-rich-text brz-rich-text__custom brz-css-w8cl0j\" data-brz-custom-id=\"axqctijktxnwmhgebjzijeptjbolowowftzk\">\n<div data-brz-translate-text=\"1\">\n<p class=\"brz-fs-sm-43 brz-tp-lg-heading2 brz-css-xcs9f\" data-uniq-id=\"edrdc\" data-generated-css=\"brz-css-gjimi\"><span class=\"brz-cp-color3\">Donations<\/span><\/p>\n<\/div>\n<\/div>\n<\/div>\n<div id=\"\" class=\"brz-css-rjzoqk brz-wrapper\">\n<div class=\"brz-rich-text brz-rich-text__custom brz-css-w8cl0j\" data-brz-custom-id=\"tsyzjejvoxrpegdwdtkrdodsrhxyvjtfomod\">\n<div data-brz-translate-text=\"1\">\n<p class=\"brz-text-lg-center brz-tp-lg-heading4 brz-css-x9mfY\" data-generated-css=\"brz-css-ohmvx\" data-uniq-id=\"umhow\"><span class=\"brz-cp-color3\">DONATION ACCOUNT<\/span><\/p>\n<\/div>\n<\/div>\n<\/div>\n<div id=\"\" class=\"brz-css-rjzoqk brz-wrapper\">\n<div class=\"brz-rich-text brz-rich-text__custom brz-css-w8cl0j\" data-brz-custom-id=\"kpsfeqkqjgmggdkpbwksdvtlfiejoedwomip\">\n<div data-brz-translate-text=\"1\">\n<p class=\"brz-tp-lg-paragraph brz-text-lg-center brz-css-obTby\" data-uniq-id=\"ehkmb\" data-generated-css=\"brz-css-pvmlz\"><span class=\"brz-cp-color2\">CCSP hilft e.V.<\/span><\/p>\n<p class=\"brz-tp-lg-paragraph brz-text-lg-center brz-css-lVtat\" data-uniq-id=\"rllpg\" data-generated-css=\"brz-css-pbhlj\"><span class=\"brz-cp-color2\">Samerwiesen 12<\/span><\/p>\n<p class=\"brz-tp-lg-paragraph brz-text-lg-center brz-css-yvQ40\" data-uniq-id=\"iaqvu\" data-generated-css=\"brz-css-vbdfs\"><span class=\"brz-cp-color2\">63179 Obertshausen<\/span><\/p>\n<\/div>\n<\/div>\n<\/div>\n<div id=\"\" class=\"brz-css-rjzoqk brz-wrapper\">\n<div class=\"brz-rich-text brz-rich-text__custom brz-css-w8cl0j\" data-brz-custom-id=\"kvmhqdjwrbvaztacmtkelxxgjpngxckxzhhv\">\n<div data-brz-translate-text=\"1\">\n<p class=\"brz-text-lg-center brz-tp-lg-paragraph brz-css-jQDGE\" data-generated-css=\"brz-css-jcwyy\" data-uniq-id=\"btqwc\"><span class=\"brz-cp-color2\">St\u00e4dtische Sparkasse Offenbach a. M. <\/span><\/p>\n<\/div>\n<\/div>\n<\/div>\n<div id=\"\" class=\"brz-css-rjzoqk brz-css-9odetc brz-css-2tpd5t brz-wrapper\">\n<div class=\"brz-spacer brz-css-jsjdxz brz-css-iujk2e\"><\/div>\n<\/div>\n<div id=\"\" class=\"brz-css-rjzoqk brz-wrapper\">\n<div class=\"brz-rich-text brz-rich-text__custom brz-css-w8cl0j\" data-brz-custom-id=\"cbvyryefblniyhwmayaioeoveeoegbwoehwp\">\n<div data-brz-translate-text=\"1\">\n<p class=\"brz-tp-lg-heading5 brz-text-lg-center brz-css-hT1ZY\" data-uniq-id=\"toufg\" data-generated-css=\"brz-css-khoyo\"><span class=\"brz-cp-color3\">IBAN <\/span><\/p>\n<p class=\"brz-text-lg-center brz-tp-lg-paragraph brz-css-gTjbj\" data-uniq-id=\"ufuvy\" data-generated-css=\"brz-css-bsyjk\"><span class=\"brz-cp-color2\">DE34 5055 0020 0000 2180 81 <\/span><\/p>\n<\/div>\n<\/div>\n<\/div>\n<div id=\"\" class=\"brz-css-rjzoqk brz-css-9odetc brz-css-1jk1ssm brz-wrapper\">\n<div class=\"brz-spacer brz-css-jsjdxz brz-css-teuk6o\"><\/div>\n<\/div>\n<div id=\"\" class=\"brz-css-rjzoqk brz-wrapper\">\n<div class=\"brz-rich-text brz-rich-text__custom brz-css-w8cl0j\" data-brz-custom-id=\"ufbljysopyvlmpsakoigkxfasdozozmkoewe\">\n<div data-brz-translate-text=\"1\">\n<p class=\"brz-text-lg-center brz-tp-lg-heading5 brz-css-gSsHW\" data-generated-css=\"brz-css-ojrzv\" data-uniq-id=\"eehnj\"><span class=\"brz-cp-color3\">BIC<\/span><\/p>\n<p class=\"brz-text-lg-center brz-tp-lg-paragraph brz-css-mqtvv\" data-generated-css=\"brz-css-patoy\" data-uniq-id=\"qvdvc\"><span class=\"brz-cp-color2\">HELADEF1OFF <\/span><\/p>\n<\/div>\n<\/div>\n<\/div>\n<div id=\"\" class=\"brz-css-rjzoqk brz-wrapper\">\n<div class=\"brz-rich-text brz-rich-text__custom brz-css-w8cl0j\" data-brz-custom-id=\"gxgsqifwmjfwtyjqurysikgbsuesnqwsabwl\">\n<div data-brz-translate-text=\"1\">\n<p class=\"brz-text-lg-center brz-tp-lg-heading5 brz-css-pLkan\" data-uniq-id=\"dznfi\" data-generated-css=\"brz-css-lnaor\"><span class=\"brz-cp-color3\">VIA PAYPAL<\/span><\/p>\n<\/div>\n<\/div>\n<\/div>\n<div id=\"\" class=\"brz-css-rjzoqk brz-wrapper\">\n<div class=\"brz-image brz-css-1w1blhz\" data-brz-custom-id=\"tnmeasxvvqucfpznhrkilnqhhojlofsuagxp\"><a class=\"brz-a\" href=\"https:\/\/www.paypal.com\/donate\/?hosted_button_id=8SQCQ3YSTXBGN\" target=\"_blank\" rel=\"noopener\" data-brz-link-type=\"external\"><source srcset=\"https:\/\/ccsp-hilft.de\/en?brizy_media=wp-5494c54e29665aca8bcf46f177a1199b.png&amp;brizy_crop=iW%3D81%26iH%3D81%26oX%3D1%26oY%3D0%26cW%3D80%26cH%3D81 1x, https:\/\/ccsp-hilft.de\/en?brizy_media=wp-5494c54e29665aca8bcf46f177a1199b.png&amp;brizy_crop=iW%3D162%26iH%3D162%26oX%3D2%26oY%3D0%26cW%3D160%26cH%3D162 2x\" media=\"(min-width: 992px)\"><source srcset=\"https:\/\/ccsp-hilft.de\/en?brizy_media=wp-5494c54e29665aca8bcf46f177a1199b.png&amp;brizy_crop=iW%3D54%26iH%3D54%26oX%3D0%26oY%3D0%26cW%3D53%26cH%3D54 1x, https:\/\/ccsp-hilft.de\/en?brizy_media=wp-5494c54e29665aca8bcf46f177a1199b.png&amp;brizy_crop=iW%3D108%26iH%3D108%26oX%3D0%26oY%3D0%26cW%3D106%26cH%3D108 2x\" media=\"(min-width: 768px)\"><img decoding=\"async\" class=\"brz-img\" src=\"https:\/\/ccsp-hilft.de\/en?brizy_media=wp-5494c54e29665aca8bcf46f177a1199b.png&amp;brizy_crop=iW%3D81%26iH%3D81%26oX%3D1%26oY%3D0%26cW%3D80%26cH%3D81\" alt=\"\" loading=\"lazy\"><\/a><\/div>\n<\/div>\n<div id=\"\" class=\"brz-css-rjzoqk brz-wrapper\">\n<div class=\"brz-embed-code brz-css-3vhaol\" data-brz-custom-id=\"ctfuxugvbotskrhpywgsmgbhhgscokjpqwxw\">\n<div class=\"brz-embed-content\">\n<div>\n<p><img loading=\"lazy\" decoding=\"async\" alt=\"\" border=\"0\" src=\"https:\/\/www.paypal.com\/de_DE\/i\/scr\/pixel.gif\" width=\"1\" height=\"1\">\n<\/div>\n<\/div>\n<\/div>\n<\/div>\n<\/div>\n<\/div>\n<div class=\"brz-columns brz-css-2x0vmy brz-css-r642ux\" data-brz-custom-id=\"fiytjxlgrdgqxknwprigugzvnqipfbiuproo\">\n<div class=\"brz-bg\">\n<div class=\"brz-bg-image\"><\/div>\n<\/div>\n<div class=\"brz-column__items brz-css-1ynkzga\">\n<div id=\"\" class=\"brz-css-rjzoqk brz-css-9odetc brz-wrapper\">\n<div class=\"brz-spacer brz-css-jsjdxz brz-css-nx65f7\"><\/div>\n<\/div>\n<\/div>\n<\/div>\n<\/div>\n<\/div>\n<\/div>\n<\/div>\n<\/section>\n<section id=\"_ozcmzyfajmtntcgwacwjndmqwdxeufjbcjvn\" class=\"brz-section brz-css-9ql9bj\">\n<div class=\"brz-section__content brz-section--boxed brz-css-1j5rqmc brz-css-13rqjh6\" data-brz-custom-id=\"cpftjqlnyudaxkegxpfncnthlbpkgwrabcye\">\n<div class=\"brz-bg\">\n<div class=\"brz-bg-color\"><\/div>\n<\/div>\n<div class=\"brz-container brz-css-6mx6ge\">\n<div id=\"\" class=\"brz-css-rjzoqk brz-css-u7i3z brz-wrapper\">\n<div class=\"brz-rich-text brz-rich-text__custom brz-css-w8cl0j\" data-brz-custom-id=\"attpkhrikhqckiqwjdjcpmkvvvulyialahwt\">\n<div data-brz-translate-text=\"1\">\n<p class=\"brz-tp-lg-heading4 brz-text-lg-center brz-text-xs-center brz-css-oZ8oH\" data-uniq-id=\"ooiwy\" data-generated-css=\"brz-css-tihsm\"><span>SUPPORTED BY<\/span><\/p>\n<\/div>\n<\/div>\n<\/div>\n<div id=\"\" class=\"brz-css-rjzoqk brz-wrapper\">\n<div class=\"brz-image brz-css-eogd95\" data-brz-custom-id=\"jvnmnxwwynjrfxedcuvnxohsdcrzbjpgtqvw\"><a class=\"brz-a\" href=\"https:\/\/ccsp.de\" target=\"_self\" rel=\"noopener\" data-brz-link-type=\"external\"><source srcset=\"https:\/\/ccsp-hilft.de\/en?brizy_media=wp-5382f417666f5a1dd054efe387db6250.png&amp;brizy_crop=iW%3D257%26iH%3D93%26oX%3D0%26oY%3D11%26cW%3D257%26cH%3D71 1x, https:\/\/ccsp-hilft.de\/en?brizy_media=wp-5382f417666f5a1dd054efe387db6250.png&amp;brizy_crop=iW%3D514%26iH%3D186%26oX%3D0%26oY%3D22%26cW%3D514%26cH%3D142 2x\" media=\"(min-width: 992px)\"><source srcset=\"https:\/\/ccsp-hilft.de\/en?brizy_media=wp-5382f417666f5a1dd054efe387db6250.png&amp;brizy_crop=iW%3D169%26iH%3D61%26oX%3D0%26oY%3D7%26cW%3D169%26cH%3D47 1x, https:\/\/ccsp-hilft.de\/en?brizy_media=wp-5382f417666f5a1dd054efe387db6250.png&amp;brizy_crop=iW%3D338%26iH%3D122%26oX%3D0%26oY%3D14%26cW%3D338%26cH%3D94 2x\" media=\"(min-width: 768px)\"><img decoding=\"async\" class=\"brz-img\" src=\"https:\/\/ccsp-hilft.de\/en?brizy_media=wp-5382f417666f5a1dd054efe387db6250.png&amp;brizy_crop=iW%3D257%26iH%3D93%26oX%3D0%26oY%3D11%26cW%3D257%26cH%3D71\" alt=\"\" loading=\"lazy\"><\/a><\/div>\n<\/div>\n<\/div>\n<\/div>\n<\/section>\n<\/div>\n<p>    <!-- version:1736968334 --><\/p>\n","protected":false},"excerpt":{"rendered":"<p>Participate JOIN US STATUTES AND MEMBERSHIP Become a member You will not incur any direct costs by becoming a member. We do not charge membership fees. As a passive member, we will inform you about current projects. If you wish, you can participate at any time. Send us a message and we will send you [&hellip;]<\/p>\n","protected":false},"author":1,"featured_media":0,"parent":0,"menu_order":5,"comment_status":"closed","ping_status":"closed","template":"","meta":{"_seopress_robots_primary_cat":"","_seopress_titles_title":"","_seopress_titles_desc":"Durch eine Mitgliedschaft entstehen Ihnen keinerlei direkte Kosten. Wir erheben keine Mitgliedsbeitr\u00e4ge. Als passives Mitglied informieren wir Sie \u00fcber aktuelle Projekte. Auf Wunsch k\u00f6nnen Sie sich jederzeit  beteiligen. ","_seopress_robots_index":"","footnotes":""},"class_list":["post-590","page","type-page","status-publish","hentry","wpbf-post"],"brizy_media":[{"id":215,"url":"https:\/\/ccsp-hilft.de\/wp-content\/uploads\/2022\/04\/inoahm89cmq.jpg","name":"foto-von-engin-akyurt","meta":{"brizy_attachment_uid":"wp-d89127519572fdb1f5b4fb6e15908cb0.jpg","brizy_post_uid":["447f1ac23d4cf70519b84a9ab42e52c2"]}},{"id":55,"url":"https:\/\/ccsp-hilft.de\/wp-content\/uploads\/2022\/04\/1dgms4hhcva.jpg","name":"foto-von-polina-rytova","meta":{"brizy_attachment_uid":"wp-b5375a364946e228e8ba43732cf72cac.jpg","brizy_post_uid":["0c85bd80e49c18c7ceafac7b589a6515","447f1ac23d4cf70519b84a9ab42e52c2"]}},{"id":59,"url":"https:\/\/ccsp-hilft.de\/wp-content\/uploads\/2022\/04\/cq1xw-631um.jpg","name":"foto-von-artem-kniaz","meta":{"brizy_attachment_uid":"wp-c2d70d23feec482bd62e8aed9c6a9406.jpg","brizy_post_uid":["0c85bd80e49c18c7ceafac7b589a6515","447f1ac23d4cf70519b84a9ab42e52c2"]}},{"id":58,"url":"https:\/\/ccsp-hilft.de\/wp-content\/uploads\/2022\/04\/syuhhpwu-hk.jpg","name":"foto-von-yehor-milohrodskyi","meta":{"brizy_attachment_uid":"wp-f20e3de5adc1faee7ba32a53c815ce66.jpg","brizy_post_uid":["447f1ac23d4cf70519b84a9ab42e52c2"]}},{"id":190,"url":"https:\/\/ccsp-hilft.de\/wp-content\/uploads\/2022\/04\/atlrqtcbvv4.jpg","name":"foto-von-aamir-suhail","meta":{"brizy_attachment_uid":"wp-11f88c53ade1701ea6162c125e42c454.jpg","brizy_post_uid":["c8b2a795aa405494034a2c291bc39dba","447f1ac23d4cf70519b84a9ab42e52c2"]}}],"_links":{"self":[{"href":"https:\/\/ccsp-hilft.de\/en\/wp-json\/wp\/v2\/pages\/590","targetHints":{"allow":["GET"]}}],"collection":[{"href":"https:\/\/ccsp-hilft.de\/en\/wp-json\/wp\/v2\/pages"}],"about":[{"href":"https:\/\/ccsp-hilft.de\/en\/wp-json\/wp\/v2\/types\/page"}],"author":[{"embeddable":true,"href":"https:\/\/ccsp-hilft.de\/en\/wp-json\/wp\/v2\/users\/1"}],"replies":[{"embeddable":true,"href":"https:\/\/ccsp-hilft.de\/en\/wp-json\/wp\/v2\/comments?post=590"}],"version-history":[{"count":0,"href":"https:\/\/ccsp-hilft.de\/en\/wp-json\/wp\/v2\/pages\/590\/revisions"}],"wp:attachment":[{"href":"https:\/\/ccsp-hilft.de\/en\/wp-json\/wp\/v2\/media?parent=590"}],"curies":[{"name":"wp","href":"https:\/\/api.w.org\/{rel}","templated":true}]}}